{"id":1147,"date":"2015-11-02T15:01:19","date_gmt":"2015-11-02T13:01:19","guid":{"rendered":"https:\/\/www.olympiangreen.com\/education\/"},"modified":"2018-03-22T17:53:25","modified_gmt":"2018-03-22T15:53:25","slug":"educacao","status":"publish","type":"page","link":"https:\/\/www.olympiangreen.com\/pt-br\/educacao\/","title":{"rendered":"EDUCA\u00c7\u00c3O"},"content":{"rendered":"<p>&nbsp;<\/p>\n<ul>\n<li><a href=\"https:\/\/www.olympiangreen.com\/pt-br\/educacao\/guia-breve-sobre-azeite-de-oliva\/\"><span style=\"color: #99cc00;\">GUIA BREVE SOBRE AZEITE DE OLIVA<\/span><\/a><\/li>\n<li><a href=\"https:\/\/www.olympiangreen.com\/pt-br\/educacao\/10-coisas-nas-quais-voce-provavelmente-acredita-sobre-os-azeites-de-oliva-e-que-nao-sao-corretas\/\"><span style=\"color: #99cc00;\">10 COISAS NAS QUAIS VOC\u00ca PROVAVELMENTE ACREDITA SOBRE OS AZEITES DE OLIVA E QUE N\u00c3O S\u00c3O CORRETAS<\/span><\/a><\/li>\n<li><a href=\"https:\/\/www.olympiangreen.com\/pt-br\/educacao\/por-que-devo-escolher-azeite-de-oliva-extravirgem-grego\/\"><span style=\"color: #99cc00;\">POR QUE DEVO ESCOLHER AZEITE DE OLIVA EXTRAVIRGEM GREGO?<\/span><\/a><\/li>\n<\/ul>\n","protected":false},"excerpt":{"rendered":"<p>&nbsp; GUIA BREVE SOBRE AZEITE DE OLIVA 10 COISAS NAS QUAIS VOC\u00ca PROVAVELMENTE&#8230;<\/p>\n","protected":false},"author":1,"featured_media":0,"parent":0,"menu_order":-30,"comment_status":"closed","ping_status":"closed","template":"page-templates\/fullwidth-page.php","meta":{"footnotes":""},"tags":[],"class_list":["post-1147","page","type-page","status-publish","hentry","wow","fadeIn"],"jetpack_sharing_enabled":true,"_links":{"self":[{"href":"https:\/\/www.olympiangreen.com\/pt-br\/wp-json\/wp\/v2\/pages\/1147","targetHints":{"allow":["GET"]}}],"collection":[{"href":"https:\/\/www.olympiangreen.com\/pt-br\/wp-json\/wp\/v2\/pages"}],"about":[{"href":"https:\/\/www.olympiangreen.com\/pt-br\/wp-json\/wp\/v2\/types\/page"}],"author":[{"embeddable":true,"href":"https:\/\/www.olympiangreen.com\/pt-br\/wp-json\/wp\/v2\/users\/1"}],"replies":[{"embeddable":true,"href":"https:\/\/www.olympiangreen.com\/pt-br\/wp-json\/wp\/v2\/comments?post=1147"}],"version-history":[{"count":0,"href":"https:\/\/www.olympiangreen.com\/pt-br\/wp-json\/wp\/v2\/pages\/1147\/revisions"}],"wp:attachment":[{"href":"https:\/\/www.olympiangreen.com\/pt-br\/wp-json\/wp\/v2\/media?parent=1147"}],"wp:term":[{"taxonomy":"post_tag","embeddable":true,"href":"https:\/\/www.olympiangreen.com\/pt-br\/wp-json\/wp\/v2\/tags?post=1147"}],"curies":[{"name":"wp","href":"https:\/\/api.w.org\/{rel}","templated":true}]}}