{"id":1140,"date":"2015-11-02T15:11:00","date_gmt":"2015-11-02T13:11:00","guid":{"rendered":"https:\/\/www.olympiangreen.com\/private-label\/"},"modified":"2019-02-18T13:27:14","modified_gmt":"2019-02-18T11:27:14","slug":"marca-propria","status":"publish","type":"page","link":"https:\/\/www.olympiangreen.com\/pt-br\/marca-propria\/","title":{"rendered":"MARCA PR\u00d3PRIA"},"content":{"rendered":"<h1><strong><span style=\"color: #99cc00;\">Produtos e servi\u00e7os de marca pr\u00f3pria<\/span><\/strong><\/h1>\n<p>A Olympian Green exporta atualmente produtos de marca pr\u00f3pria para muitos pa\u00edses ao redor do mundo, cooperando com um grande n\u00famero de distribuidores, atacadistas, varejistas.<\/p>\n<p>O local de produ\u00e7\u00e3o da Olympian Green est\u00e1\u00a0\u00e0 disposi\u00e7\u00e3o dos clientes para que a recep\u00e7\u00e3o e estocagem de grandes volumes de materiais de embalagem sejam adequadamente acomodados, enquanto o envio de produtos acabados seja prontamente realizado.<\/p>\n<p>Al\u00e9m do exposto acima, o designer gr\u00e1fico interno permite o aux\u00edlio a clientes no projeto de todos os materiais de embalagem para que o produto final esteja em conformidade com todos os requisitos legais, de mercado e de vendas.<\/p>\n<p>Por \u00faltimo, mas n\u00e3o menos importante, a Olympian Green, mediante solicita\u00e7\u00e3o, envia diretamente os produtos de marca pr\u00f3pria internacionalmente com o conhecimento de embarque mar\u00edtimo do cliente para que o vendedor final ao consumidor tenha somente as informa\u00e7\u00f5es de contato do cliente.<\/p>\n<p>&nbsp;<\/p>\n<p><img loading=\"lazy\" decoding=\"async\" data-attachment-id=\"238\" data-permalink=\"https:\/\/www.olympiangreen.com\/private-label\/shutterstock_323404940\/#main\" data-orig-file=\"https:\/\/www.olympiangreen.com\/wp-content\/uploads\/2015\/11\/shutterstock_323404940.jpg\" data-orig-size=\"11118,10049\" data-comments-opened=\"0\" data-image-meta=\"{&quot;aperture&quot;:&quot;0&quot;,&quot;credit&quot;:&quot;&quot;,&quot;camera&quot;:&quot;&quot;,&quot;caption&quot;:&quot;&quot;,&quot;created_timestamp&quot;:&quot;0&quot;,&quot;copyright&quot;:&quot;&quot;,&quot;focal_length&quot;:&quot;0&quot;,&quot;iso&quot;:&quot;0&quot;,&quot;shutter_speed&quot;:&quot;0&quot;,&quot;title&quot;:&quot;&quot;,&quot;orientation&quot;:&quot;0&quot;}\" data-image-title=\"shutterstock_323404940\" data-image-description=\"\" data-image-caption=\"\" data-medium-file=\"https:\/\/www.olympiangreen.com\/wp-content\/uploads\/2015\/11\/shutterstock_323404940-300x300.jpg\" data-large-file=\"https:\/\/www.olympiangreen.com\/wp-content\/uploads\/2015\/11\/shutterstock_323404940-1024x926.jpg\" class=\"aligncenter wp-image-238 size-large\" src=\"https:\/\/www.olympiangreen.com\/wp-content\/uploads\/2015\/11\/shutterstock_323404940-1024x926.jpg\" alt=\"\" width=\"750\" height=\"678\" srcset=\"https:\/\/www.olympiangreen.com\/wp-content\/uploads\/2015\/11\/shutterstock_323404940-1024x926.jpg 1024w, https:\/\/www.olympiangreen.com\/wp-content\/uploads\/2015\/11\/shutterstock_323404940-768x694.jpg 768w, https:\/\/www.olympiangreen.com\/wp-content\/uploads\/2015\/11\/shutterstock_323404940-111x100.jpg 111w\" sizes=\"auto, (max-width: 750px) 100vw, 750px\" \/><\/p>\n<p style=\"text-align: right;\">Vendas: <a href=\"mailto:sales@olympiangreen.com\">sales@olympiangreen.com<\/a><\/p>\n<p>&nbsp;<\/p>\n","protected":false},"excerpt":{"rendered":"<p>Produtos e servi\u00e7os de marca pr\u00f3pria A Olympian Green exporta atualmente produtos de&#8230;<\/p>\n","protected":false},"author":1,"featured_media":0,"parent":0,"menu_order":-70,"comment_status":"closed","ping_status":"closed","template":"page-templates\/fullwidth-page.php","meta":{"footnotes":""},"tags":[],"class_list":["post-1140","page","type-page","status-publish","hentry","wow","fadeIn"],"jetpack_sharing_enabled":true,"_links":{"self":[{"href":"https:\/\/www.olympiangreen.com\/pt-br\/wp-json\/wp\/v2\/pages\/1140","targetHints":{"allow":["GET"]}}],"collection":[{"href":"https:\/\/www.olympiangreen.com\/pt-br\/wp-json\/wp\/v2\/pages"}],"about":[{"href":"https:\/\/www.olympiangreen.com\/pt-br\/wp-json\/wp\/v2\/types\/page"}],"author":[{"embeddable":true,"href":"https:\/\/www.olympiangreen.com\/pt-br\/wp-json\/wp\/v2\/users\/1"}],"replies":[{"embeddable":true,"href":"https:\/\/www.olympiangreen.com\/pt-br\/wp-json\/wp\/v2\/comments?post=1140"}],"version-history":[{"count":0,"href":"https:\/\/www.olympiangreen.com\/pt-br\/wp-json\/wp\/v2\/pages\/1140\/revisions"}],"wp:attachment":[{"href":"https:\/\/www.olympiangreen.com\/pt-br\/wp-json\/wp\/v2\/media?parent=1140"}],"wp:term":[{"taxonomy":"post_tag","embeddable":true,"href":"https:\/\/www.olympiangreen.com\/pt-br\/wp-json\/wp\/v2\/tags?post=1140"}],"curies":[{"name":"wp","href":"https:\/\/api.w.org\/{rel}","templated":true}]}}