{"id":1136,"date":"2015-11-02T15:09:08","date_gmt":"2015-11-02T13:09:08","guid":{"rendered":"https:\/\/www.olympiangreen.com\/ourproducts\/greek-table-olives\/"},"modified":"2018-03-22T14:14:45","modified_gmt":"2018-03-22T12:14:45","slug":"azeitonas-de-mesa-gregas","status":"publish","type":"page","link":"https:\/\/www.olympiangreen.com\/pt-br\/nossosprodutos\/azeitonas-de-mesa-gregas\/","title":{"rendered":"AZEITONAS DE MESA GREGAS"},"content":{"rendered":"<p><img loading=\"lazy\" decoding=\"async\" data-attachment-id=\"1116\" data-permalink=\"https:\/\/www.olympiangreen.com\/ourproducts\/greek-table-olives\/oly-01\/#main\" data-orig-file=\"https:\/\/www.olympiangreen.com\/wp-content\/uploads\/2018\/01\/oly-01.jpg\" data-orig-size=\"762,709\" data-comments-opened=\"0\" data-image-meta=\"{&quot;aperture&quot;:&quot;0&quot;,&quot;credit&quot;:&quot;&quot;,&quot;camera&quot;:&quot;&quot;,&quot;caption&quot;:&quot;&quot;,&quot;created_timestamp&quot;:&quot;0&quot;,&quot;copyright&quot;:&quot;&quot;,&quot;focal_length&quot;:&quot;0&quot;,&quot;iso&quot;:&quot;0&quot;,&quot;shutter_speed&quot;:&quot;0&quot;,&quot;title&quot;:&quot;&quot;,&quot;orientation&quot;:&quot;1&quot;}\" data-image-title=\"oly 01\" data-image-description=\"\" data-image-caption=\"\" data-medium-file=\"https:\/\/www.olympiangreen.com\/wp-content\/uploads\/2018\/01\/oly-01-300x300.jpg\" data-large-file=\"https:\/\/www.olympiangreen.com\/wp-content\/uploads\/2018\/01\/oly-01.jpg\" class=\" wp-image-1116 alignleft\" src=\"https:\/\/www.olympiangreen.com\/wp-content\/uploads\/2018\/01\/oly-01-100x100.jpg\" alt=\"\" width=\"154\" height=\"154\" srcset=\"https:\/\/www.olympiangreen.com\/wp-content\/uploads\/2018\/01\/oly-01-100x100.jpg 100w, https:\/\/www.olympiangreen.com\/wp-content\/uploads\/2018\/01\/oly-01-300x300.jpg 300w, https:\/\/www.olympiangreen.com\/wp-content\/uploads\/2018\/01\/oly-01-150x150.jpg 150w\" sizes=\"auto, (max-width: 154px) 100vw, 154px\" \/><\/p>\n<p>Nosso legado come\u00e7a em 1846. Desde ent\u00e3o, estamos em expans\u00e3o, oferecendo ao mundo um portf\u00f3lio amplo de produtos agr\u00edcolas gregos de alta qualidade<\/p>\n<h1 style=\"text-align: justify;\"><strong><span style=\"color: #99cc00;\">Por que escolher azeitonas de mesa gregas? <\/span><\/strong><\/h1>\n<p>Os gregos v\u00eam cultivando suas exclusivas variedades de olivas famosas mundialmente h\u00e1 mais de 2.000 anos.<\/p>\n<p style=\"text-align: justify;\">Atualmente, a Gr\u00e9cia exporta 90% de usa produ\u00e7\u00e3o de azeitonas de mesa e os consumidores internacionais reconhecem as azeitonas de mesa gregas por sua denomina\u00e7\u00e3o de origem protegida (Kalamata, Halkidiki, etc.) ou por sua receita exclusiva de cura (esmagada, partida, curada em sal, curada em salmoura, etc.)<\/p>\n<div id=\"content\" class=\"site-content\">\n<div class=\"container\">\n<div class=\"row\">\n<div id=\"primary\" class=\"content-area col-lg-12\">\n<article id=\"post-52\" class=\"post-52 page type-page status-publish has-post-thumbnail hentry wow fadeIn\">\n<div class=\"entry-content\">\n<h1><strong><span style=\"color: #99cc00;\">Azeitonas Kalamata 100% naturais<\/span><\/strong><\/h1>\n<p><img loading=\"lazy\" decoding=\"async\" data-attachment-id=\"715\" data-permalink=\"https:\/\/www.olympiangreen.com\/ourproducts\/greek-table-olives\/kalamataolives_all-2\/#main\" data-orig-file=\"https:\/\/www.olympiangreen.com\/wp-content\/uploads\/2015\/11\/KalamataOlives_All-1.jpg\" data-orig-size=\"1621,855\" data-comments-opened=\"0\" data-image-meta=\"{&quot;aperture&quot;:&quot;0&quot;,&quot;credit&quot;:&quot;&quot;,&quot;camera&quot;:&quot;&quot;,&quot;caption&quot;:&quot;&quot;,&quot;created_timestamp&quot;:&quot;1476459592&quot;,&quot;copyright&quot;:&quot;&quot;,&quot;focal_length&quot;:&quot;0&quot;,&quot;iso&quot;:&quot;0&quot;,&quot;shutter_speed&quot;:&quot;0&quot;,&quot;title&quot;:&quot;&quot;,&quot;orientation&quot;:&quot;1&quot;}\" data-image-title=\"kalamataolives_all\" data-image-description=\"\" data-image-caption=\"\" data-medium-file=\"https:\/\/www.olympiangreen.com\/wp-content\/uploads\/2015\/11\/KalamataOlives_All-1-300x300.jpg\" data-large-file=\"https:\/\/www.olympiangreen.com\/wp-content\/uploads\/2015\/11\/KalamataOlives_All-1-1024x540.jpg\" class=\"alignnone wp-image-715 size-anemone-featured-hero\" src=\"https:\/\/www.olympiangreen.com\/wp-content\/uploads\/2015\/11\/KalamataOlives_All-1-1621x800.jpg\" alt=\"kalamataolives_all\" width=\"750\" height=\"370\" \/><\/p>\n<\/div>\n<\/article>\n<\/div>\n<\/div>\n<\/div>\n<\/div>\n<div id=\"content\" class=\"site-content\">\n<div class=\"container\">\n<div class=\"row\">\n<div id=\"primary\" class=\"content-area col-lg-12\">\n<article id=\"post-52\" class=\"post-52 page type-page status-publish has-post-thumbnail hentry wow fadeIn\">\n<div class=\"entry-content\">\n<p style=\"text-align: justify;\">As azeitonas de mesa Kalamata, com sua colora\u00e7\u00e3o p\u00farpura distinta e macias, textura carnuda, s\u00e3o consideradas as rainhas das azeitonas de mesa gregas e uma das variedades de azeitona mais conhecidas ao redor do mundo. Batizadas com o nome da cidade de Kalamata na regi\u00e3o sul do Peloponeso, tamb\u00e9m crescem na regi\u00e3o pr\u00f3xima da Lac\u00f4nia e s\u00e3o, via de regra, cortadas (harakti) em dois lados e preservadas em vinagre e\/ou azeite de oliva se qualquer conservante<\/p>\n<p style=\"text-align: right;\">Vendas: <a href=\"mailto:sales@olympiangreen.com\">sales@olympiangreen.com<\/a><\/p>\n<h1><strong><span style=\"color: #99cc00;\">Azeitonas verdes Halkidikis e azeitonas verdes recheadas<\/span><\/strong><\/h1>\n<p><img loading=\"lazy\" decoding=\"async\" data-attachment-id=\"716\" data-permalink=\"https:\/\/www.olympiangreen.com\/ourproducts\/greek-table-olives\/greenolives_all-mini\/#main\" data-orig-file=\"https:\/\/www.olympiangreen.com\/wp-content\/uploads\/2015\/11\/GreenOlives_All-mini.jpg\" data-orig-size=\"1891,607\" data-comments-opened=\"0\" data-image-meta=\"{&quot;aperture&quot;:&quot;0&quot;,&quot;credit&quot;:&quot;&quot;,&quot;camera&quot;:&quot;&quot;,&quot;caption&quot;:&quot;&quot;,&quot;created_timestamp&quot;:&quot;1476459250&quot;,&quot;copyright&quot;:&quot;&quot;,&quot;focal_length&quot;:&quot;0&quot;,&quot;iso&quot;:&quot;0&quot;,&quot;shutter_speed&quot;:&quot;0&quot;,&quot;title&quot;:&quot;&quot;,&quot;orientation&quot;:&quot;1&quot;}\" data-image-title=\"greenolives_all-mini\" data-image-description=\"\" data-image-caption=\"\" data-medium-file=\"https:\/\/www.olympiangreen.com\/wp-content\/uploads\/2015\/11\/GreenOlives_All-mini-300x300.jpg\" data-large-file=\"https:\/\/www.olympiangreen.com\/wp-content\/uploads\/2015\/11\/GreenOlives_All-mini-1024x329.jpg\" class=\"alignnone wp-image-716 size-medium_large\" src=\"https:\/\/www.olympiangreen.com\/wp-content\/uploads\/2015\/11\/GreenOlives_All-mini-768x247.jpg\" alt=\"greenolives_all-mini\" width=\"750\" height=\"241\" srcset=\"https:\/\/www.olympiangreen.com\/wp-content\/uploads\/2015\/11\/GreenOlives_All-mini-768x247.jpg 768w, https:\/\/www.olympiangreen.com\/wp-content\/uploads\/2015\/11\/GreenOlives_All-mini-1024x329.jpg 1024w, https:\/\/www.olympiangreen.com\/wp-content\/uploads\/2015\/11\/GreenOlives_All-mini-312x100.jpg 312w, https:\/\/www.olympiangreen.com\/wp-content\/uploads\/2015\/11\/GreenOlives_All-mini.jpg 1891w\" sizes=\"auto, (max-width: 750px) 100vw, 750px\" \/><\/p>\n<p>As azeitonas de mesa Chalkidikis, com seu formato oval e ponta proeminente na parte inferior, cultivadas na regi\u00e3o relevante na parte norte da Gr\u00e9cia, possuem uma pele fina, el\u00e1stica e resistente ao enrugamento e s\u00e3o famosas por sua textura rica.<\/p>\n<p style=\"text-align: right;\">Vendas: <a href=\"mailto:sales@olympiangreen.com\">sales@olympiangreen.com<\/a><\/p>\n<\/div>\n<h1><span style=\"color: #ff6600;\">\u00a0<\/span><\/h1>\n<\/article>\n<\/div>\n<\/div>\n<\/div>\n<\/div>\n","protected":false},"excerpt":{"rendered":"<p>Nosso legado come\u00e7a em 1846. Desde ent\u00e3o, estamos em expans\u00e3o, oferecendo ao mundo&#8230;<\/p>\n","protected":false},"author":1,"featured_media":0,"parent":1132,"menu_order":1,"comment_status":"closed","ping_status":"closed","template":"page-templates\/fullwidth-page.php","meta":{"footnotes":""},"tags":[],"class_list":["post-1136","page","type-page","status-publish","hentry","wow","fadeIn"],"jetpack_sharing_enabled":true,"_links":{"self":[{"href":"https:\/\/www.olympiangreen.com\/pt-br\/wp-json\/wp\/v2\/pages\/1136","targetHints":{"allow":["GET"]}}],"collection":[{"href":"https:\/\/www.olympiangreen.com\/pt-br\/wp-json\/wp\/v2\/pages"}],"about":[{"href":"https:\/\/www.olympiangreen.com\/pt-br\/wp-json\/wp\/v2\/types\/page"}],"author":[{"embeddable":true,"href":"https:\/\/www.olympiangreen.com\/pt-br\/wp-json\/wp\/v2\/users\/1"}],"replies":[{"embeddable":true,"href":"https:\/\/www.olympiangreen.com\/pt-br\/wp-json\/wp\/v2\/comments?post=1136"}],"version-history":[{"count":0,"href":"https:\/\/www.olympiangreen.com\/pt-br\/wp-json\/wp\/v2\/pages\/1136\/revisions"}],"up":[{"embeddable":true,"href":"https:\/\/www.olympiangreen.com\/pt-br\/wp-json\/wp\/v2\/pages\/1132"}],"wp:attachment":[{"href":"https:\/\/www.olympiangreen.com\/pt-br\/wp-json\/wp\/v2\/media?parent=1136"}],"wp:term":[{"taxonomy":"post_tag","embeddable":true,"href":"https:\/\/www.olympiangreen.com\/pt-br\/wp-json\/wp\/v2\/tags?post=1136"}],"curies":[{"name":"wp","href":"https:\/\/api.w.org\/{rel}","templated":true}]}}