{"id":1127,"date":"2015-11-02T14:59:54","date_gmt":"2015-11-02T12:59:54","guid":{"rendered":"https:\/\/www.olympiangreen.com\/company\/"},"modified":"2025-06-10T18:13:24","modified_gmt":"2025-06-10T15:13:24","slug":"a-empresa","status":"publish","type":"page","link":"https:\/\/www.olympiangreen.com\/pt-br\/a-empresa\/","title":{"rendered":"A EMPRESA"},"content":{"rendered":"\n<h1 class=\"wp-block-heading\"><br><strong>Nossa Hist\u00f3ria<\/strong><\/h1>\n\n\n\n<p>Nossa heran\u00e7a come\u00e7a em 1846 com nossos antepassados, que iniciaram a produ\u00e7\u00e3o de azeite extra virgem na regi\u00e3o da Antiga Ol\u00edmpia.<br>Desde ent\u00e3o, continuamos a crescer em conhecimento e paix\u00e3o por este produto \u00fanico da nossa terra, levando o Azeite Extra Virgem Grego ao n\u00edvel que ele merece.<br>Estabelecemos uma parceria estrat\u00e9gica com um dos lagares mais avan\u00e7ados do oeste do Peloponeso, com todas as certifica\u00e7\u00f5es necess\u00e1rias, capazes de fornecer o famoso Azeite Extra Virgem Grego para todos os mercados poss\u00edveis.<br>Hoje, estamos expandindo nossos neg\u00f3cios, fortalecendo nossa marca e adicionando novos azeites excepcionais de toda a Gr\u00e9cia, com o objetivo de destac\u00e1-los no mercado internacional.<br><strong>Olympian Green<\/strong> representa a pureza dos nossos produtos, nossa lealdade \u00e0 heran\u00e7a grega, nossa expertise nos neg\u00f3cios e o progresso tecnol\u00f3gico.<\/p>\n\n\n\n<p><strong>Declara\u00e7\u00e3o de miss\u00e3o<\/strong><br>Queremos ver o mundo se aproximando do estilo de vida mediterr\u00e2neo, fazendo escolhas di\u00e1rias por produtos naturais, saborosos e mais saud\u00e1veis.<\/p>\n\n\n\n<p><strong>Paix\u00e3o pelo que fazemos.<\/strong><br \/>Ser um parceiro de confian\u00e7a e um fornecedor confi\u00e1vel para nossos clientes em todo o mundo.<br \/>Focar na produ\u00e7\u00e3o de um azeite extra virgem superior, sempre respeitando as necessidades dos nossos clientes.<br \/>Alcan\u00e7ar a excel\u00eancia em todos os nossos produtos.<\/p>\n<p>\u00a0<\/p>\n\n\n\n<h1 class=\"wp-block-heading\"><span style=\"color: #a0c924;\"><strong>Certifica\u00e7\u00f5es<\/strong><\/span><\/h1>\n\n\n<div class=\"wp-block-image\">\n<figure class=\"alignleft\"><img loading=\"lazy\" decoding=\"async\" width=\"100\" height=\"137\" data-attachment-id=\"628\" data-permalink=\"https:\/\/www.olympiangreen.com\/company\/bio-hellas\/#main\" data-orig-file=\"https:\/\/www.olympiangreen.com\/wp-content\/uploads\/2015\/11\/bio-hellas-e1476342280578.png\" data-orig-size=\"100,137\" data-comments-opened=\"0\" data-image-meta=\"{&quot;aperture&quot;:&quot;0&quot;,&quot;credit&quot;:&quot;&quot;,&quot;camera&quot;:&quot;&quot;,&quot;caption&quot;:&quot;&quot;,&quot;created_timestamp&quot;:&quot;0&quot;,&quot;copyright&quot;:&quot;&quot;,&quot;focal_length&quot;:&quot;0&quot;,&quot;iso&quot;:&quot;0&quot;,&quot;shutter_speed&quot;:&quot;0&quot;,&quot;title&quot;:&quot;&quot;,&quot;orientation&quot;:&quot;0&quot;}\" data-image-title=\"bio-hellas\" data-image-description=\"\" data-image-caption=\"\" data-medium-file=\"https:\/\/www.olympiangreen.com\/wp-content\/uploads\/2015\/11\/bio-hellas-300x300.png\" data-large-file=\"https:\/\/www.olympiangreen.com\/wp-content\/uploads\/2015\/11\/bio-hellas-e1476342280578.png\" src=\"https:\/\/www.olympiangreen.com\/wp-content\/uploads\/2015\/11\/bio-hellas-e1476342280578.png\" alt=\"bio-hellas\" class=\"wp-image-628\"\/><\/figure><\/div>\n\n<div class=\"wp-block-image\">\n<figure class=\"alignleft\"><img loading=\"lazy\" decoding=\"async\" width=\"100\" height=\"100\" data-attachment-id=\"397\" data-permalink=\"https:\/\/www.olympiangreen.com\/ourproducts\/organic\/organic4colorsealgif\/#main\" data-orig-file=\"https:\/\/www.olympiangreen.com\/wp-content\/uploads\/2015\/11\/Organic4colorsealGIF.gif\" data-orig-size=\"1816,1816\" data-comments-opened=\"0\" data-image-meta=\"{&quot;aperture&quot;:&quot;0&quot;,&quot;credit&quot;:&quot;&quot;,&quot;camera&quot;:&quot;&quot;,&quot;caption&quot;:&quot;&quot;,&quot;created_timestamp&quot;:&quot;0&quot;,&quot;copyright&quot;:&quot;&quot;,&quot;focal_length&quot;:&quot;0&quot;,&quot;iso&quot;:&quot;0&quot;,&quot;shutter_speed&quot;:&quot;0&quot;,&quot;title&quot;:&quot;&quot;,&quot;orientation&quot;:&quot;0&quot;}\" data-image-title=\"Organic4colorsealGIF\" data-image-description=\"\" data-image-caption=\"\" data-medium-file=\"https:\/\/www.olympiangreen.com\/wp-content\/uploads\/2015\/11\/Organic4colorsealGIF-300x300.gif\" data-large-file=\"https:\/\/www.olympiangreen.com\/wp-content\/uploads\/2015\/11\/Organic4colorsealGIF-1024x1024.gif\" src=\"https:\/\/www.olympiangreen.com\/wp-content\/uploads\/2015\/11\/Organic4colorsealGIF-100x100.gif\" alt=\"Organic4colorsealGIF\" class=\"wp-image-397\" srcset=\"https:\/\/www.olympiangreen.com\/wp-content\/uploads\/2015\/11\/Organic4colorsealGIF-100x100.gif 100w, https:\/\/www.olympiangreen.com\/wp-content\/uploads\/2015\/11\/Organic4colorsealGIF-300x300.gif 300w, https:\/\/www.olympiangreen.com\/wp-content\/uploads\/2015\/11\/Organic4colorsealGIF-768x768.gif 768w, https:\/\/www.olympiangreen.com\/wp-content\/uploads\/2015\/11\/Organic4colorsealGIF-1024x1024.gif 1024w, https:\/\/www.olympiangreen.com\/wp-content\/uploads\/2015\/11\/Organic4colorsealGIF-150x150.gif 150w, https:\/\/www.olympiangreen.com\/wp-content\/uploads\/2015\/11\/Organic4colorsealGIF-750x750.gif 750w\" sizes=\"auto, (max-width: 100px) 100vw, 100px\" \/><\/figure><\/div>\n\n<div class=\"wp-block-image\">\n<figure class=\"alignleft\"><img loading=\"lazy\" decoding=\"async\" width=\"100\" height=\"100\" data-attachment-id=\"524\" data-permalink=\"https:\/\/www.olympiangreen.com\/ourproducts\/pdo-extra-virgin-olive-oil\/pdo-logo-svg_\/#main\" data-orig-file=\"https:\/\/www.olympiangreen.com\/wp-content\/uploads\/2016\/10\/PDO-Logo.svg_.png\" data-orig-size=\"1024,1024\" data-comments-opened=\"0\" data-image-meta=\"{&quot;aperture&quot;:&quot;0&quot;,&quot;credit&quot;:&quot;&quot;,&quot;camera&quot;:&quot;&quot;,&quot;caption&quot;:&quot;&quot;,&quot;created_timestamp&quot;:&quot;0&quot;,&quot;copyright&quot;:&quot;&quot;,&quot;focal_length&quot;:&quot;0&quot;,&quot;iso&quot;:&quot;0&quot;,&quot;shutter_speed&quot;:&quot;0&quot;,&quot;title&quot;:&quot;&quot;,&quot;orientation&quot;:&quot;0&quot;}\" data-image-title=\"pdo-logo-svg_\" data-image-description=\"\" data-image-caption=\"\" data-medium-file=\"https:\/\/www.olympiangreen.com\/wp-content\/uploads\/2016\/10\/PDO-Logo.svg_-300x300.png\" data-large-file=\"https:\/\/www.olympiangreen.com\/wp-content\/uploads\/2016\/10\/PDO-Logo.svg_-1024x1024.png\" src=\"https:\/\/www.olympiangreen.com\/wp-content\/uploads\/2016\/10\/PDO-Logo.svg_-100x100.png\" alt=\"pdo-logo-svg_\" class=\"wp-image-524\" srcset=\"https:\/\/www.olympiangreen.com\/wp-content\/uploads\/2016\/10\/PDO-Logo.svg_-100x100.png 100w, https:\/\/www.olympiangreen.com\/wp-content\/uploads\/2016\/10\/PDO-Logo.svg_-300x300.png 300w, https:\/\/www.olympiangreen.com\/wp-content\/uploads\/2016\/10\/PDO-Logo.svg_-768x768.png 768w, https:\/\/www.olympiangreen.com\/wp-content\/uploads\/2016\/10\/PDO-Logo.svg_.png 1024w, https:\/\/www.olympiangreen.com\/wp-content\/uploads\/2016\/10\/PDO-Logo.svg_-150x150.png 150w, https:\/\/www.olympiangreen.com\/wp-content\/uploads\/2016\/10\/PDO-Logo.svg_-750x750.png 750w\" sizes=\"auto, (max-width: 100px) 100vw, 100px\" \/><\/figure><\/div>\n\n<div class=\"wp-block-image\">\n<figure class=\"alignleft\"><img loading=\"lazy\" decoding=\"async\" width=\"100\" height=\"100\" data-attachment-id=\"525\" data-permalink=\"https:\/\/www.olympiangreen.com\/ourproducts\/pdo-extra-virgin-olive-oil\/agrocert-certificate\/#main\" data-orig-file=\"https:\/\/www.olympiangreen.com\/wp-content\/uploads\/2016\/10\/agrocert-certificate.jpg\" data-orig-size=\"295,197\" data-comments-opened=\"0\" data-image-meta=\"{&quot;aperture&quot;:&quot;0&quot;,&quot;credit&quot;:&quot;&quot;,&quot;camera&quot;:&quot;&quot;,&quot;caption&quot;:&quot;&quot;,&quot;created_timestamp&quot;:&quot;0&quot;,&quot;copyright&quot;:&quot;&quot;,&quot;focal_length&quot;:&quot;0&quot;,&quot;iso&quot;:&quot;0&quot;,&quot;shutter_speed&quot;:&quot;0&quot;,&quot;title&quot;:&quot;&quot;,&quot;orientation&quot;:&quot;0&quot;}\" data-image-title=\"agrocert-certificate\" data-image-description=\"\" data-image-caption=\"\" data-medium-file=\"https:\/\/www.olympiangreen.com\/wp-content\/uploads\/2016\/10\/agrocert-certificate.jpg\" data-large-file=\"https:\/\/www.olympiangreen.com\/wp-content\/uploads\/2016\/10\/agrocert-certificate.jpg\" src=\"https:\/\/www.olympiangreen.com\/wp-content\/uploads\/2016\/10\/agrocert-certificate-100x100.jpg\" alt=\"agrocert-certificate\" class=\"wp-image-525\" srcset=\"https:\/\/www.olympiangreen.com\/wp-content\/uploads\/2016\/10\/agrocert-certificate-100x100.jpg 100w, https:\/\/www.olympiangreen.com\/wp-content\/uploads\/2016\/10\/agrocert-certificate-150x150.jpg 150w\" sizes=\"auto, (max-width: 100px) 100vw, 100px\" \/><\/figure><\/div>\n\n<div class=\"wp-block-image\">\n<figure class=\"alignleft\"><img loading=\"lazy\" decoding=\"async\" width=\"100\" height=\"100\" data-attachment-id=\"181\" data-permalink=\"https:\/\/www.olympiangreen.com\/ourproducts\/organic\/lg_organic\/#main\" data-orig-file=\"https:\/\/www.olympiangreen.com\/wp-content\/uploads\/2015\/11\/lg_organic.png\" data-orig-size=\"150,150\" data-comments-opened=\"0\" data-image-meta=\"{&quot;aperture&quot;:&quot;0&quot;,&quot;credit&quot;:&quot;&quot;,&quot;camera&quot;:&quot;&quot;,&quot;caption&quot;:&quot;&quot;,&quot;created_timestamp&quot;:&quot;0&quot;,&quot;copyright&quot;:&quot;&quot;,&quot;focal_length&quot;:&quot;0&quot;,&quot;iso&quot;:&quot;0&quot;,&quot;shutter_speed&quot;:&quot;0&quot;,&quot;title&quot;:&quot;&quot;,&quot;orientation&quot;:&quot;0&quot;}\" data-image-title=\"lg_organic\" data-image-description=\"\" data-image-caption=\"\" data-medium-file=\"https:\/\/www.olympiangreen.com\/wp-content\/uploads\/2015\/11\/lg_organic.png\" data-large-file=\"https:\/\/www.olympiangreen.com\/wp-content\/uploads\/2015\/11\/lg_organic.png\" src=\"https:\/\/www.olympiangreen.com\/wp-content\/uploads\/2015\/11\/lg_organic-100x100.png\" alt=\"lg_organic\" class=\"wp-image-181\" srcset=\"https:\/\/www.olympiangreen.com\/wp-content\/uploads\/2015\/11\/lg_organic-100x100.png 100w, https:\/\/www.olympiangreen.com\/wp-content\/uploads\/2015\/11\/lg_organic.png 150w\" sizes=\"auto, (max-width: 100px) 100vw, 100px\" \/><\/figure><\/div>\n\n\n<p><\/p>\n\n\n<div class=\"wp-block-image\">\n<figure class=\"alignleft\"><img loading=\"lazy\" decoding=\"async\" width=\"100\" height=\"151\" data-attachment-id=\"1580\" data-permalink=\"https:\/\/www.olympiangreen.com\/certifications\/brc-3\/#main\" data-orig-file=\"https:\/\/www.olympiangreen.com\/wp-content\/uploads\/2018\/11\/BRC-2-e1545909449282.jpg\" data-orig-size=\"100,151\" data-comments-opened=\"0\" data-image-meta=\"{&quot;aperture&quot;:&quot;0&quot;,&quot;credit&quot;:&quot;&quot;,&quot;camera&quot;:&quot;&quot;,&quot;caption&quot;:&quot;&quot;,&quot;created_timestamp&quot;:&quot;0&quot;,&quot;copyright&quot;:&quot;&quot;,&quot;focal_length&quot;:&quot;0&quot;,&quot;iso&quot;:&quot;0&quot;,&quot;shutter_speed&quot;:&quot;0&quot;,&quot;title&quot;:&quot;&quot;,&quot;orientation&quot;:&quot;0&quot;}\" data-image-title=\"BRC\" data-image-description=\"\" data-image-caption=\"\" data-medium-file=\"https:\/\/www.olympiangreen.com\/wp-content\/uploads\/2018\/11\/BRC-2-e1545909449282.jpg\" data-large-file=\"https:\/\/www.olympiangreen.com\/wp-content\/uploads\/2018\/11\/BRC-2-e1545909449282.jpg\" src=\"https:\/\/www.olympiangreen.com\/wp-content\/uploads\/2018\/11\/BRC-2-e1545909449282.jpg\" alt=\"\" class=\"wp-image-1580\"\/><\/figure><\/div>\n\n<div class=\"wp-block-image\">\n<figure class=\"alignleft\"><img loading=\"lazy\" decoding=\"async\" width=\"100\" height=\"75\" data-attachment-id=\"1582\" data-permalink=\"https:\/\/www.olympiangreen.com\/certifications\/ifs-food-logo-2\/#main\" data-orig-file=\"https:\/\/www.olympiangreen.com\/wp-content\/uploads\/2018\/11\/ifs-food-logo-1-e1545909476275.jpg\" data-orig-size=\"100,75\" data-comments-opened=\"0\" data-image-meta=\"{&quot;aperture&quot;:&quot;0&quot;,&quot;credit&quot;:&quot;&quot;,&quot;camera&quot;:&quot;&quot;,&quot;caption&quot;:&quot;&quot;,&quot;created_timestamp&quot;:&quot;0&quot;,&quot;copyright&quot;:&quot;&quot;,&quot;focal_length&quot;:&quot;0&quot;,&quot;iso&quot;:&quot;0&quot;,&quot;shutter_speed&quot;:&quot;0&quot;,&quot;title&quot;:&quot;&quot;,&quot;orientation&quot;:&quot;1&quot;}\" data-image-title=\"ifs-food-logo\" data-image-description=\"\" data-image-caption=\"\" data-medium-file=\"https:\/\/www.olympiangreen.com\/wp-content\/uploads\/2018\/11\/ifs-food-logo-1-300x300.jpg\" data-large-file=\"https:\/\/www.olympiangreen.com\/wp-content\/uploads\/2018\/11\/ifs-food-logo-1-e1545909476275.jpg\" src=\"https:\/\/www.olympiangreen.com\/wp-content\/uploads\/2018\/11\/ifs-food-logo-1-e1545909476275.jpg\" alt=\"\" class=\"wp-image-1582\"\/><\/figure><\/div>","protected":false},"excerpt":{"rendered":"<p>Nossa Hist\u00f3ria Nossa heran\u00e7a come\u00e7a em 1846 com nossos antepassados, que iniciaram a&#8230;<\/p>\n","protected":false},"author":1,"featured_media":11410,"parent":0,"menu_order":-90,"comment_status":"closed","ping_status":"closed","template":"page-templates\/fullwidth-page.php","meta":{"footnotes":""},"tags":[],"class_list":["post-1127","page","type-page","status-publish","has-post-thumbnail","hentry","wow","fadeIn"],"jetpack_sharing_enabled":true,"_links":{"self":[{"href":"https:\/\/www.olympiangreen.com\/pt-br\/wp-json\/wp\/v2\/pages\/1127","targetHints":{"allow":["GET"]}}],"collection":[{"href":"https:\/\/www.olympiangreen.com\/pt-br\/wp-json\/wp\/v2\/pages"}],"about":[{"href":"https:\/\/www.olympiangreen.com\/pt-br\/wp-json\/wp\/v2\/types\/page"}],"author":[{"embeddable":true,"href":"https:\/\/www.olympiangreen.com\/pt-br\/wp-json\/wp\/v2\/users\/1"}],"replies":[{"embeddable":true,"href":"https:\/\/www.olympiangreen.com\/pt-br\/wp-json\/wp\/v2\/comments?post=1127"}],"version-history":[{"count":0,"href":"https:\/\/www.olympiangreen.com\/pt-br\/wp-json\/wp\/v2\/pages\/1127\/revisions"}],"wp:featuredmedia":[{"embeddable":true,"href":"https:\/\/www.olympiangreen.com\/pt-br\/wp-json\/wp\/v2\/media\/11410"}],"wp:attachment":[{"href":"https:\/\/www.olympiangreen.com\/pt-br\/wp-json\/wp\/v2\/media?parent=1127"}],"wp:term":[{"taxonomy":"post_tag","embeddable":true,"href":"https:\/\/www.olympiangreen.com\/pt-br\/wp-json\/wp\/v2\/tags?post=1127"}],"curies":[{"name":"wp","href":"https:\/\/api.w.org\/{rel}","templated":true}]}}