{"id":874,"date":"2015-11-02T14:59:54","date_gmt":"2015-11-02T12:59:54","guid":{"rendered":"https:\/\/www.olympiangreen.com\/company\/"},"modified":"2025-06-10T18:12:50","modified_gmt":"2025-06-10T15:12:50","slug":"company","status":"publish","type":"page","link":"https:\/\/www.olympiangreen.com\/fr\/company\/","title":{"rendered":"Company"},"content":{"rendered":"\n<h1 class=\"wp-block-heading\"><span style=\"color: #acc02a;\"><br><strong>Notre Histoire<\/strong><\/span><\/h1>\n\n\n\n<p><br>Notre h\u00e9ritage commence en 1846 avec nos anc\u00eatres, qui ont lanc\u00e9 la production d&rsquo;huile d&rsquo;olive extra vierge dans la r\u00e9gion de l&rsquo;Ancienne Olympie.<br>Depuis, nous avons continu\u00e9 \u00e0 grandir en savoir-faire et en passion pour ce produit unique de notre terre, \u00e9levant l&rsquo;huile d&rsquo;olive extra vierge grecque au niveau qu&rsquo;elle m\u00e9rite.<\/p>\n\n\n\n<p><br>Nous avons \u00e9tabli un partenariat strat\u00e9gique avec l&rsquo;un des moulins \u00e0 huile les plus avanc\u00e9s du P\u00e9loponn\u00e8se occidental, disposant de toutes les certifications n\u00e9cessaires pour fournir la c\u00e9l\u00e8bre huile d&rsquo;olive extra vierge grecque \u00e0 tous les march\u00e9s possibles.<br>Aujourd&rsquo;hui, nous d\u00e9veloppons notre activit\u00e9 en renfor\u00e7ant notre marque et en ajoutant de nouveaux produits exceptionnels d&rsquo;huile d&rsquo;olive venus de toute la Gr\u00e8ce, dans le but de les faire rayonner sur le march\u00e9 international.<br><strong>Olympian Green<\/strong> incarne la puret\u00e9 de nos produits, notre fid\u00e9lit\u00e9 \u00e0 l\u2019h\u00e9ritage grec, notre expertise commerciale et notre progr\u00e8s technologique.<\/p>\n\n\n\n<h1 class=\"wp-block-heading\"><span style=\"color: #acc02a;\"><br><strong>D\u00e9claration de mission<\/strong><\/span><\/h1>\n\n\n\n<p><br>Nous souhaitons voir le monde se rapprocher du mode de vie m\u00e9diterran\u00e9en, en faisant des choix alimentaires plus naturels, savoureux et sains dans leur quotidien.<\/p>\n\n\n\n<h1 class=\"wp-block-heading\"><span style=\"color: #acc02a;\"><br><strong>Une passion pour ce que nous faisons.<\/strong><\/span><\/h1>\n\n\n\n<p><br>\u00catre un partenaire de confiance et un fournisseur fiable pour nos clients \u00e0 travers le monde.<br>Se concentrer sur la production d\u2019une huile d\u2019olive extra vierge sup\u00e9rieure, tout en respectant toujours les besoins de nos clients.<br>Atteindre l\u2019excellence dans l\u2019ensemble de nos produits.<\/p>\n\n\n\n<h1 class=\"wp-block-heading\">Certifications<\/h1>\n\n\n<div class=\"wp-block-image\">\n<figure class=\"alignleft\"><img loading=\"lazy\" decoding=\"async\" width=\"100\" height=\"137\" data-attachment-id=\"628\" data-permalink=\"https:\/\/www.olympiangreen.com\/company\/bio-hellas\/#main\" data-orig-file=\"https:\/\/www.olympiangreen.com\/wp-content\/uploads\/2015\/11\/bio-hellas-e1476342280578.png\" data-orig-size=\"100,137\" data-comments-opened=\"0\" data-image-meta=\"{&quot;aperture&quot;:&quot;0&quot;,&quot;credit&quot;:&quot;&quot;,&quot;camera&quot;:&quot;&quot;,&quot;caption&quot;:&quot;&quot;,&quot;created_timestamp&quot;:&quot;0&quot;,&quot;copyright&quot;:&quot;&quot;,&quot;focal_length&quot;:&quot;0&quot;,&quot;iso&quot;:&quot;0&quot;,&quot;shutter_speed&quot;:&quot;0&quot;,&quot;title&quot;:&quot;&quot;,&quot;orientation&quot;:&quot;0&quot;}\" data-image-title=\"bio-hellas\" data-image-description=\"\" data-image-caption=\"\" data-medium-file=\"https:\/\/www.olympiangreen.com\/wp-content\/uploads\/2015\/11\/bio-hellas-300x300.png\" data-large-file=\"https:\/\/www.olympiangreen.com\/wp-content\/uploads\/2015\/11\/bio-hellas-e1476342280578.png\" src=\"https:\/\/www.olympiangreen.com\/wp-content\/uploads\/2015\/11\/bio-hellas-e1476342280578.png\" alt=\"bio-hellas\" class=\"wp-image-628\"\/><\/figure><\/div>\n\n<div class=\"wp-block-image\">\n<figure class=\"alignleft\"><img loading=\"lazy\" decoding=\"async\" width=\"100\" height=\"100\" data-attachment-id=\"397\" data-permalink=\"https:\/\/www.olympiangreen.com\/ourproducts\/organic\/organic4colorsealgif\/#main\" data-orig-file=\"https:\/\/www.olympiangreen.com\/wp-content\/uploads\/2015\/11\/Organic4colorsealGIF.gif\" data-orig-size=\"1816,1816\" data-comments-opened=\"0\" data-image-meta=\"{&quot;aperture&quot;:&quot;0&quot;,&quot;credit&quot;:&quot;&quot;,&quot;camera&quot;:&quot;&quot;,&quot;caption&quot;:&quot;&quot;,&quot;created_timestamp&quot;:&quot;0&quot;,&quot;copyright&quot;:&quot;&quot;,&quot;focal_length&quot;:&quot;0&quot;,&quot;iso&quot;:&quot;0&quot;,&quot;shutter_speed&quot;:&quot;0&quot;,&quot;title&quot;:&quot;&quot;,&quot;orientation&quot;:&quot;0&quot;}\" data-image-title=\"Organic4colorsealGIF\" data-image-description=\"\" data-image-caption=\"\" data-medium-file=\"https:\/\/www.olympiangreen.com\/wp-content\/uploads\/2015\/11\/Organic4colorsealGIF-300x300.gif\" data-large-file=\"https:\/\/www.olympiangreen.com\/wp-content\/uploads\/2015\/11\/Organic4colorsealGIF-1024x1024.gif\" src=\"https:\/\/www.olympiangreen.com\/wp-content\/uploads\/2015\/11\/Organic4colorsealGIF-100x100.gif\" alt=\"Organic4colorsealGIF\" class=\"wp-image-397\" srcset=\"https:\/\/www.olympiangreen.com\/wp-content\/uploads\/2015\/11\/Organic4colorsealGIF-100x100.gif 100w, https:\/\/www.olympiangreen.com\/wp-content\/uploads\/2015\/11\/Organic4colorsealGIF-300x300.gif 300w, https:\/\/www.olympiangreen.com\/wp-content\/uploads\/2015\/11\/Organic4colorsealGIF-768x768.gif 768w, https:\/\/www.olympiangreen.com\/wp-content\/uploads\/2015\/11\/Organic4colorsealGIF-1024x1024.gif 1024w, https:\/\/www.olympiangreen.com\/wp-content\/uploads\/2015\/11\/Organic4colorsealGIF-150x150.gif 150w, https:\/\/www.olympiangreen.com\/wp-content\/uploads\/2015\/11\/Organic4colorsealGIF-750x750.gif 750w\" sizes=\"auto, (max-width: 100px) 100vw, 100px\" \/><\/figure><\/div>\n\n<div class=\"wp-block-image\">\n<figure class=\"alignleft\"><img loading=\"lazy\" decoding=\"async\" width=\"100\" height=\"100\" data-attachment-id=\"524\" data-permalink=\"https:\/\/www.olympiangreen.com\/ourproducts\/pdo-extra-virgin-olive-oil\/pdo-logo-svg_\/#main\" data-orig-file=\"https:\/\/www.olympiangreen.com\/wp-content\/uploads\/2016\/10\/PDO-Logo.svg_.png\" data-orig-size=\"1024,1024\" data-comments-opened=\"0\" data-image-meta=\"{&quot;aperture&quot;:&quot;0&quot;,&quot;credit&quot;:&quot;&quot;,&quot;camera&quot;:&quot;&quot;,&quot;caption&quot;:&quot;&quot;,&quot;created_timestamp&quot;:&quot;0&quot;,&quot;copyright&quot;:&quot;&quot;,&quot;focal_length&quot;:&quot;0&quot;,&quot;iso&quot;:&quot;0&quot;,&quot;shutter_speed&quot;:&quot;0&quot;,&quot;title&quot;:&quot;&quot;,&quot;orientation&quot;:&quot;0&quot;}\" data-image-title=\"pdo-logo-svg_\" data-image-description=\"\" data-image-caption=\"\" data-medium-file=\"https:\/\/www.olympiangreen.com\/wp-content\/uploads\/2016\/10\/PDO-Logo.svg_-300x300.png\" data-large-file=\"https:\/\/www.olympiangreen.com\/wp-content\/uploads\/2016\/10\/PDO-Logo.svg_-1024x1024.png\" src=\"https:\/\/www.olympiangreen.com\/wp-content\/uploads\/2016\/10\/PDO-Logo.svg_-100x100.png\" alt=\"pdo-logo-svg_\" class=\"wp-image-524\" srcset=\"https:\/\/www.olympiangreen.com\/wp-content\/uploads\/2016\/10\/PDO-Logo.svg_-100x100.png 100w, https:\/\/www.olympiangreen.com\/wp-content\/uploads\/2016\/10\/PDO-Logo.svg_-300x300.png 300w, https:\/\/www.olympiangreen.com\/wp-content\/uploads\/2016\/10\/PDO-Logo.svg_-768x768.png 768w, https:\/\/www.olympiangreen.com\/wp-content\/uploads\/2016\/10\/PDO-Logo.svg_.png 1024w, https:\/\/www.olympiangreen.com\/wp-content\/uploads\/2016\/10\/PDO-Logo.svg_-150x150.png 150w, https:\/\/www.olympiangreen.com\/wp-content\/uploads\/2016\/10\/PDO-Logo.svg_-750x750.png 750w\" sizes=\"auto, (max-width: 100px) 100vw, 100px\" \/><\/figure><\/div>\n\n<div class=\"wp-block-image\">\n<figure class=\"alignleft\"><img loading=\"lazy\" decoding=\"async\" width=\"100\" height=\"100\" data-attachment-id=\"525\" data-permalink=\"https:\/\/www.olympiangreen.com\/ourproducts\/pdo-extra-virgin-olive-oil\/agrocert-certificate\/#main\" data-orig-file=\"https:\/\/www.olympiangreen.com\/wp-content\/uploads\/2016\/10\/agrocert-certificate.jpg\" data-orig-size=\"295,197\" data-comments-opened=\"0\" data-image-meta=\"{&quot;aperture&quot;:&quot;0&quot;,&quot;credit&quot;:&quot;&quot;,&quot;camera&quot;:&quot;&quot;,&quot;caption&quot;:&quot;&quot;,&quot;created_timestamp&quot;:&quot;0&quot;,&quot;copyright&quot;:&quot;&quot;,&quot;focal_length&quot;:&quot;0&quot;,&quot;iso&quot;:&quot;0&quot;,&quot;shutter_speed&quot;:&quot;0&quot;,&quot;title&quot;:&quot;&quot;,&quot;orientation&quot;:&quot;0&quot;}\" data-image-title=\"agrocert-certificate\" data-image-description=\"\" data-image-caption=\"\" data-medium-file=\"https:\/\/www.olympiangreen.com\/wp-content\/uploads\/2016\/10\/agrocert-certificate.jpg\" data-large-file=\"https:\/\/www.olympiangreen.com\/wp-content\/uploads\/2016\/10\/agrocert-certificate.jpg\" src=\"https:\/\/www.olympiangreen.com\/wp-content\/uploads\/2016\/10\/agrocert-certificate-100x100.jpg\" alt=\"agrocert-certificate\" class=\"wp-image-525\" srcset=\"https:\/\/www.olympiangreen.com\/wp-content\/uploads\/2016\/10\/agrocert-certificate-100x100.jpg 100w, https:\/\/www.olympiangreen.com\/wp-content\/uploads\/2016\/10\/agrocert-certificate-150x150.jpg 150w\" sizes=\"auto, (max-width: 100px) 100vw, 100px\" \/><\/figure><\/div>\n\n<div class=\"wp-block-image\">\n<figure class=\"alignleft\"><img loading=\"lazy\" decoding=\"async\" width=\"100\" height=\"100\" data-attachment-id=\"181\" data-permalink=\"https:\/\/www.olympiangreen.com\/ourproducts\/organic\/lg_organic\/#main\" data-orig-file=\"https:\/\/www.olympiangreen.com\/wp-content\/uploads\/2015\/11\/lg_organic.png\" data-orig-size=\"150,150\" data-comments-opened=\"0\" data-image-meta=\"{&quot;aperture&quot;:&quot;0&quot;,&quot;credit&quot;:&quot;&quot;,&quot;camera&quot;:&quot;&quot;,&quot;caption&quot;:&quot;&quot;,&quot;created_timestamp&quot;:&quot;0&quot;,&quot;copyright&quot;:&quot;&quot;,&quot;focal_length&quot;:&quot;0&quot;,&quot;iso&quot;:&quot;0&quot;,&quot;shutter_speed&quot;:&quot;0&quot;,&quot;title&quot;:&quot;&quot;,&quot;orientation&quot;:&quot;0&quot;}\" data-image-title=\"lg_organic\" data-image-description=\"\" data-image-caption=\"\" data-medium-file=\"https:\/\/www.olympiangreen.com\/wp-content\/uploads\/2015\/11\/lg_organic.png\" data-large-file=\"https:\/\/www.olympiangreen.com\/wp-content\/uploads\/2015\/11\/lg_organic.png\" src=\"https:\/\/www.olympiangreen.com\/wp-content\/uploads\/2015\/11\/lg_organic-100x100.png\" alt=\"lg_organic\" class=\"wp-image-181\" srcset=\"https:\/\/www.olympiangreen.com\/wp-content\/uploads\/2015\/11\/lg_organic-100x100.png 100w, https:\/\/www.olympiangreen.com\/wp-content\/uploads\/2015\/11\/lg_organic.png 150w\" sizes=\"auto, (max-width: 100px) 100vw, 100px\" \/><\/figure><\/div>\n\n\n<p><\/p>\n\n\n\n<p>&nbsp;<\/p>\n\n\n\n<p>&nbsp;<\/p>\n\n\n\n<p>&nbsp;<\/p>\n","protected":false},"excerpt":{"rendered":"<p>Notre Histoire Notre h\u00e9ritage commence en 1846 avec nos anc\u00eatres, qui ont lanc\u00e9&#8230;<\/p>\n","protected":false},"author":1,"featured_media":11410,"parent":0,"menu_order":-90,"comment_status":"closed","ping_status":"closed","template":"page-templates\/fullwidth-page.php","meta":{"footnotes":""},"tags":[],"class_list":["post-874","page","type-page","status-publish","has-post-thumbnail","hentry","wow","fadeIn"],"jetpack_sharing_enabled":true,"_links":{"self":[{"href":"https:\/\/www.olympiangreen.com\/fr\/wp-json\/wp\/v2\/pages\/874","targetHints":{"allow":["GET"]}}],"collection":[{"href":"https:\/\/www.olympiangreen.com\/fr\/wp-json\/wp\/v2\/pages"}],"about":[{"href":"https:\/\/www.olympiangreen.com\/fr\/wp-json\/wp\/v2\/types\/page"}],"author":[{"embeddable":true,"href":"https:\/\/www.olympiangreen.com\/fr\/wp-json\/wp\/v2\/users\/1"}],"replies":[{"embeddable":true,"href":"https:\/\/www.olympiangreen.com\/fr\/wp-json\/wp\/v2\/comments?post=874"}],"version-history":[{"count":0,"href":"https:\/\/www.olympiangreen.com\/fr\/wp-json\/wp\/v2\/pages\/874\/revisions"}],"wp:featuredmedia":[{"embeddable":true,"href":"https:\/\/www.olympiangreen.com\/fr\/wp-json\/wp\/v2\/media\/11410"}],"wp:attachment":[{"href":"https:\/\/www.olympiangreen.com\/fr\/wp-json\/wp\/v2\/media?parent=874"}],"wp:term":[{"taxonomy":"post_tag","embeddable":true,"href":"https:\/\/www.olympiangreen.com\/fr\/wp-json\/wp\/v2\/tags?post=874"}],"curies":[{"name":"wp","href":"https:\/\/api.w.org\/{rel}","templated":true}]}}